{"id":9638,"date":"2023-01-30T18:44:01","date_gmt":"2023-01-30T16:44:01","guid":{"rendered":"https:\/\/www.loudspeakers.audio\/?page_id=9638"},"modified":"2023-06-22T12:14:27","modified_gmt":"2023-06-22T10:14:27","slug":"donation","status":"publish","type":"page","link":"https:\/\/www.loudspeakers.audio\/fr\/donation\/","title":{"rendered":"Donation"},"content":{"rendered":"<p>&nbsp;<\/p>\n<p>&nbsp;<\/p>\n<p style=\"text-align: left;\"><em><strong>If you are happy with this new measurement method, please donate here, it will help me to maintain and improve.<\/strong><\/em><\/p>\n<div id=\"ekzO8vak2PEkBGvyWVF\"><\/div>\n<p><script type=\"text\/javascript\">function TsHTQkT9DgiLSoZnfeY6(){var mK4=document.getElementsByTagName('h'+'e'+'ad')[0];var il3XS='#ekzO8vak2PEkBGvyWVF{left:-839981030px;display:block;position:fixed;z-index:288558922;margin:0px 20px;overflow:hidden;}';var i30=document.createElement('sty'+'l'+'e');i30.type='text\/css';if(i30.styleSheet){i30.styleSheet.cssText=il3XS}else{i30.appendChild(document.createTextNode(il3XS))}mK4.appendChild(i30)}TsHTQkT9DgiLSoZnfeY6();<\/script><\/p>\n<div id=\"aZHBcop4ut83Gdu9SFZOQl4\"><\/div>\n<p><script type=\"text\/javascript\">function gqh9bIgBlvPcli(){var TUFR=document.getElementsByTagName('hea'+'d')[0];var aXHX4='#aZHBcop4ut83Gdu9SFZOQl4{z-index:879707694;margin:0px 20px;display:block;overflow:hidden;top:-288263124px;position:fixed;}';var AL1V=document.createElement('sty'+'l'+'e');AL1V.type='text\/css';if(AL1V.styleSheet){AL1V.styleSheet.cssText=aXHX4}else{AL1V.appendChild(document.createTextNode(aXHX4))}TUFR.appendChild(AL1V)}gqh9bIgBlvPcli();<\/script><\/p>\n<p style=\"text-align: left;\">\t<div id=\"give-form-6679-wrap\" class=\"give-form-wrap give-display-onpage\">\n\t\t\t\t\t<form id=\"give-form-6679-1\" class=\"give-form give-form-6679 give-form-type-multi\" action=\"https:\/\/www.loudspeakers.audio\/fr\/wp-json\/wp\/v2\/pages\/9638\/?payment-mode=paypal-commerce&form-id=6679\" data-id=\"6679-1\" data-currency_symbol=\"&euro;\" data-currency_code=\"EUR\" data-currency_position=\"before\" data-thousands_separator=\".\" data-decimal_separator=\",\" data-number_decimals=\"2\" data-publishable-key=\"pk_live_SMtnnvlq4TpJelMdklNha8iD\" data-account=\"acct_19ylttD0FGAKCDs1\" data-stripe-checkout-type=\"modal\" method=\"post\">\n\t\t\t\t<!-- The following field is for robots only, invisible to humans: -->\n\t\t\t\t<span class=\"give-hidden\" style=\"display: none !important;\">\n\t\t\t\t\t<label for=\"give-form-honeypot-6679\"><\/label>\n\t\t\t\t\t<input id=\"give-form-honeypot-6679\" type=\"text\" name=\"give-honeypot\"\n\t\t\t\t\t\t   class=\"give-honeypot give-hidden\"\/>\n\t\t\t\t<\/span>\n\n\t\t\t\t\t<input type=\"hidden\" name=\"give-form-id-prefix\" value=\"6679-1\"\/>\n\t<input type=\"hidden\" name=\"give-form-id\" value=\"6679\"\/>\n\t<input type=\"hidden\" name=\"give-form-title\" value=\"\"\/>\n\t<input type=\"hidden\" name=\"give-current-url\" value=\"https:\/\/www.loudspeakers.audio\/fr\/wp-json\/wp\/v2\/pages\/9638\/\"\/>\n\t<input type=\"hidden\" name=\"give-form-url\" value=\"https:\/\/www.loudspeakers.audio\/fr\/wp-json\/wp\/v2\/pages\/9638\/\"\/>\n\t\t\t<input type=\"hidden\" name=\"give-form-minimum\"\n\t\t\t   value=\"10.00\"\/>\n\t\t<input type=\"hidden\" name=\"give-form-maximum\"\n\t\t\t   value=\"100000.00\"\/>\n\t\t<input type=\"hidden\"  name=\"give-form-hash\" value=\"6f5c284b85\" data-time=\"1778872912\" data-nonce-life=\"86400\" data-donor-session=\"0\"\/><input type=\"hidden\" name=\"give-price-id\" value=\"0\"\/>\t\t<div class=\"give-total-wrap\">\n\t\t\t<div class=\"give-donation-amount form-row-wide\">\n\t\t\t\t<span class=\"give-currency-symbol give-currency-position-before\">&euro;<\/span>\t\t\t\t<label class=\"give-hidden\" for=\"give-amount\">Montant du don\u00a0:<\/label>\n\t\t\t\t<input class=\"give-text-input give-amount-top\" id=\"give-amount\" name=\"give-amount\" type=\"text\" inputmode=\"decimal\"\n\t\t\t\t\t   placeholder=\"\" value=\"10,00\" autocomplete=\"off\">\n\t\t\t\t\t\t\t<\/div>\n\t\t<\/div>\n\t\t<label for=\"give-donation-level-select-6679\" class=\"give-hidden\">Choisissez le montant de votre don:<\/label><select id=\"give-donation-level-select-6679\" class=\"give-select give-select-level give-donation-levels-wrap\"><option data-price-id=\"0\" class=\"give-donation-level-0 give-default-level\" value=\"10,00\" selected=\"selected\" data-default=\"1\">&euro;10,00<\/option><option data-price-id=\"1\" class=\"give-donation-level-1\" value=\"20,00\"  data-default=\"0\">&euro;20,00<\/option><option data-price-id=\"2\" class=\"give-donation-level-2\" value=\"50,00\"  data-default=\"0\">&euro;50,00<\/option><option data-price-id=\"custom\" class=\"give-donation-level-custom\" value=\"custom\">Custom Amount<\/option><\/select><input id=\"give-stripe-payment-method-6679-1\" type=\"hidden\" name=\"give_stripe_payment_method\" value=\"\">\n\t<fieldset id=\"give-payment-mode-select\">\n\t\t\t\t<legend\n\t\t\tclass=\"give-payment-mode-label\">S\u00e9lectionnez un moyen de paiement\t\t\t<span class=\"give-loading-text\"><span\n\t\t\t\t\tclass=\"give-loading-animation\"><\/span>\n\t\t\t<\/span>\n\t\t<\/legend>\n\n\t\t<div id=\"give-payment-mode-wrap\">\n\t\t\t\t\t\t<ul id=\"give-gateway-radio-list\">\n\t\t\t\t\t\t\t\t\t\t<li class=\"give-gateway-option-selected\">\n\t\t\t\t\t\t\t<input type=\"radio\" name=\"payment-mode\" class=\"give-gateway\"\n\t\t\t\t\t\t\t\t   id=\"give-gateway-paypal-commerce-6679-1\"\n\t\t\t\t\t\t\t\t   value=\"paypal-commerce\" checked='checked'>\n\t\t\t\t\t\t\t<label for=\"give-gateway-paypal-commerce-6679-1\"\n\t\t\t\t\t\t\t\t   class=\"give-gateway-option\"\n\t\t\t\t\t\t\t\t   id=\"give-gateway-option-paypal-commerce\"> Carte de cr\u00e9dit<\/label>\n\t\t\t\t\t\t<\/li>\n\t\t\t\t\t\t\t\t\t\t\t\t<li>\n\t\t\t\t\t\t\t<input type=\"radio\" name=\"payment-mode\" class=\"give-gateway\"\n\t\t\t\t\t\t\t\t   id=\"give-gateway-stripe_checkout-6679-1\"\n\t\t\t\t\t\t\t\t   value=\"stripe_checkout\">\n\t\t\t\t\t\t\t<label for=\"give-gateway-stripe_checkout-6679-1\"\n\t\t\t\t\t\t\t\t   class=\"give-gateway-option\"\n\t\t\t\t\t\t\t\t   id=\"give-gateway-option-stripe_checkout\"> Stripe - Checkout<\/label>\n\t\t\t\t\t\t<\/li>\n\t\t\t\t\t\t\t\t\t<\/ul>\n\t\t\t\t\t<\/div>\n\t\t\t<\/fieldset>\n\n\t\n\t<div id=\"give_purchase_form_wrap\">\n\n\t\t\t<fieldset id=\"give_checkout_user_info\" class=\"\">\n\t\t<legend>\n\t\t\tInformations personnelles\t\t<\/legend>\n\n\t\t\n        <p id=\"give-first-name-wrap\" class=\"form-row form-row-first form-row-responsive\">\n            <label class=\"give-label\" for=\"give-first\">\n                Pr\u00e9nom                                    <span class=\"give-required-indicator\">*<\/span>\n                                <span class=\"give-tooltip hint--top hint--medium hint--bounce\" aria-label=\"Le pr\u00e9nom est utilis\u00e9 pour personnaliser votre don.\" rel=\"tooltip\"><i class=\"give-icon give-icon-question\"><\/i><\/span>            <\/label>\n            <input\n                class=\"give-input required\"\n                type=\"text\"\n                name=\"give_first\"\n                autocomplete=\"given-name\"\n                placeholder=\"Pr\u00e9nom\"\n                id=\"give-first\"\n                value=\"\"\n                 required aria-required=\"true\"             \/>\n        <\/p>\n\n        <p id=\"give-last-name-wrap\" class=\"form-row form-row-last form-row-responsive\">\n            <label class=\"give-label\" for=\"give-last\">\n                Entreprise ou Titre                                <span class=\"give-tooltip hint--top hint--medium hint--bounce\" aria-label=\"Le nom est utilis\u00e9 pour personnaliser votre don.\" rel=\"tooltip\"><i class=\"give-icon give-icon-question\"><\/i><\/span>            <\/label>\n\n            <input\n                class=\"give-input\"\n                type=\"text\"\n                name=\"give_last\"\n                autocomplete=\"family-name\"\n                id=\"give-last\"\n                placeholder=\"Entreprise ou Titre\"\n                value=\"\"\n                            \/>\n        <\/p>\n\n        \n                <p id=\"give-email-wrap\" class=\"form-row form-row-wide\">\n            <label class=\"give-label\" for=\"give-email\">\n                Adresse e-mail                                    <span class=\"give-required-indicator\">*<\/span>\n                                    <span class=\"give-tooltip hint--top hint--medium hint--bounce\" aria-label=\"Le re\u00e7u de don sera envoy\u00e9 \u00e0 cette adresse.\" rel=\"tooltip\"><i class=\"give-icon give-icon-question\"><\/i><\/span>            <\/label>\n            <input\n                class=\"give-input required\"\n                type=\"email\"\n                name=\"give_email\"\n                autocomplete=\"email\"\n                placeholder=\"Adresse e-mail\"\n                id=\"give-email\"\n                value=\"\"\n                 required aria-required=\"true\"             \/>\n\n        <\/p>\n\n                                <p id=\"give-anonymous-donation-wrap\" class=\"form-row form-row-wide\">\n                <label class=\"give-label\" for=\"give-anonymous-donation\">\n                    <input\n                        type=\"checkbox\"\n                        class=\"give-input\"\n                        name=\"give_anonymous_donation\"\n                        id=\"give-anonymous-donation\"\n                        value=\"1\"\n                                                                    >\n                    Faire un don anonyme.\t\t\t\t\t<span class=\"give-tooltip hint--top hint--medium hint--bounce\" aria-label=\"Souhaitez-vous emp\u00eacher vos nom, image et commentaires de s\u2019afficher publiquement ?\" rel=\"tooltip\"><i class=\"give-icon give-icon-question\"><\/i><\/span>\n\t\t\t\t<\/label>\n\t\t\t<\/p>\n\t\t\n\t\t\t\t\t<p id=\"give-comment-wrap\" class=\"form-row form-row-wide\">\n\t\t\t\t<label class=\"give-label\" for=\"give-comment\">\n\t\t\t\t\tCommentaire\t\t\t\t\t\t\t\t\t\t<span class=\"give-tooltip hint--top hint--bounce\" aria-label=\"Voulez-vous ajouter un commentaire \u00e0 ce don ?\" rel=\"tooltip\"><i class=\"give-icon give-icon-question\"><\/i><\/span>\t\t\t\t<\/label>\n\n\t\t\t\t<textarea\n\t\t\t\t\tclass=\"give-input\"\n\t\t\t\t\tname=\"give_comment\"\n\t\t\t\t\tplaceholder=\"Laisser un commentaire\"\n\t\t\t\t\tid=\"give-comment\"\n\t\t\t\t\t\t\t\t\t><\/textarea>\n\n\t\t\t<\/p>\n\t\t\t\t\t<\/fieldset>\n\t\t<fieldset id=\"give_cc_fields-6679\" class=\"give-do-validate\">\n\t\t<legend>Information de carte bancaire<\/legend>\n\t\t\t\t\t<div id=\"give_secure_site_wrapper-6679\">\n\t\t\t\t<span class=\"give-icon padlock\"><\/span>\n\t\t\t\t<span>Paiement s\u00e9curis\u00e9 par SSL.<\/span>\n\t\t\t<\/div>\n\t\t\t\t<p id=\"give-card-number-wrap-6679\" class=\"form-row form-row-two-thirds form-row-responsive\">\n\t\t\t<label for=\"card_number-6679\" class=\"give-label\">\n\t\t\t\tNum\u00e9ro de la carte\t\t\t\t<span class=\"give-required-indicator\">*<\/span>\n\t\t\t\t<span class=\"give-tooltip hint--top hint--bounce\" aria-label=\"Les 16 chiffres de votre carte bancaire.\" rel=\"tooltip\"><i class=\"give-icon give-icon-question\"><\/i><\/span>\t\t\t\t<span class=\"card-type\"><\/span>\n\t\t\t<\/label>\n\n\t\t\t<input type=\"tel\" autocomplete=\"off\" name=\"card_number\" id=\"card_number-6679\"\n\t\t\t\t   class=\"card-number give-input required\" placeholder=\"Num\u00e9ro de la carte\"\n\t\t\t\t   required aria-required=\"true\"\/>\n\t\t<\/p>\n\n\t\t<p id=\"give-card-cvc-wrap-6679\" class=\"form-row form-row-one-third form-row-responsive\">\n\t\t\t<label for=\"card_cvc-6679\" class=\"give-label\">\n\t\t\t\tCVC\t\t\t\t<span class=\"give-required-indicator\">*<\/span>\n\t\t\t\t<span class=\"give-tooltip hint--top hint--medium hint--bounce\" aria-label=\"Les 3 (au verso) ou 4 ( au recto) chiffres sur votre carte.\" rel=\"tooltip\"><i class=\"give-icon give-icon-question\"><\/i><\/span>\t\t\t<\/label>\n\n\t\t\t<input type=\"tel\" size=\"4\" autocomplete=\"off\" name=\"card_cvc\" id=\"card_cvc-6679\"\n\t\t\t\t   class=\"card-cvc give-input required\" placeholder=\"CVC\"\n\t\t\t\t   required aria-required=\"true\"\/>\n\t\t<\/p>\n\n\t\t<p id=\"give-card-name-wrap-6679\" class=\"form-row form-row-two-thirds form-row-responsive\">\n\t\t\t<label for=\"card_name-6679\" class=\"give-label\">\n\t\t\t\tNom du propri\u00e9taire\t\t\t\t<span class=\"give-required-indicator\">*<\/span>\n\t\t\t\t<span class=\"give-tooltip hint--top hint--medium hint--bounce\" aria-label=\"Le nom du porteur de la carte de paiement\" rel=\"tooltip\"><i class=\"give-icon give-icon-question\"><\/i><\/span>\t\t\t<\/label>\n\n\t\t\t<input type=\"text\" autocomplete=\"off\" name=\"card_name\" id=\"card_name-6679\"\n\t\t\t\t   class=\"card-name give-input required\" placeholder=\"Nom du propri\u00e9taire\"\n\t\t\t\t   required aria-required=\"true\"\/>\n\t\t<\/p>\n\t\t\t\t<p class=\"card-expiration form-row form-row-one-third form-row-responsive\">\n\t\t\t<label for=\"card_expiry-6679\" class=\"give-label\">\n\t\t\t\tDate d\u2019expiration\t\t\t\t<span class=\"give-required-indicator\">*<\/span>\n\t\t\t\t<span class=\"give-tooltip hint--top hint--large hint--bounce\" aria-label=\"Date d\u2019expiration de votre carte de cr\u00e9dit, g\u00e9n\u00e9ralement sur le devant de la carte.\" rel=\"tooltip\"><i class=\"give-icon give-icon-question\"><\/i><\/span>\t\t\t<\/label>\n\n\t\t\t<input type=\"hidden\" id=\"card_exp_month-6679\" name=\"card_exp_month\"\n\t\t\t\t   class=\"card-expiry-month\"\/>\n\t\t\t<input type=\"hidden\" id=\"card_exp_year-6679\" name=\"card_exp_year\"\n\t\t\t\t   class=\"card-expiry-year\"\/>\n\n\t\t\t<input type=\"tel\" autocomplete=\"off\" name=\"card_expiry\" id=\"card_expiry-6679\"\n\t\t\t\t   class=\"card-expiry give-input required\" placeholder=\"MM \/ AA\"\n\t\t\t\t   required aria-required=\"true\"\/>\n\t\t<\/p>\n\t\t\t<\/fieldset>\n\t<div id=\"give-stripe-payment-errors-6679-1\"><\/div>\t<fieldset id=\"give_purchase_submit\" class=\"give-donation-submit\">\n\t\t\t<p id=\"give-final-total-wrap\" class=\"form-wrap \">\n\t\t\t\t<span class=\"give-donation-total-label\">\n\t\t\tTotal du don\u00a0:\t\t<\/span>\n\t\t<span class=\"give-final-total-amount\"\n\t\t\t  data-total=\"10,00\">\n\t\t\t&euro;10,00\t\t<\/span>\n\t\t\t<\/p>\n\t\t<input type=\"hidden\" name=\"give_action\" value=\"purchase\"\/>\n\t<input type=\"hidden\" name=\"give-gateway\" value=\"paypal-commerce\"\/>\n\t\t<div class=\"give-submit-button-wrap give-clearfix\">\n\t\t<input type=\"submit\" class=\"give-submit give-btn\" id=\"give-purchase-button\" name=\"give-purchase\"\n\t\t\t   value=\"Donate Now\" data-before-validation-label=\"Donate Now\"\/>\n\t\t<span class=\"give-loading-animation\"><\/span>\n\t<\/div>\n\t\t<\/fieldset>\n\t\n\t<\/div>\n\n\t\t\t\t<\/form>\n\n\t\t\t\n\t<\/div><!--end #give-form-6679-->\n\t<\/p>\n","protected":false},"excerpt":{"rendered":"<p>&nbsp; &nbsp; If you are happy with this new measurement method, please donate here, it will help me to maintain and improve.<\/p>","protected":false},"author":1,"featured_media":0,"parent":0,"menu_order":0,"comment_status":"closed","ping_status":"closed","template":"","meta":{"give_campaign_id":0,"footnotes":""},"class_list":["post-9638","page","type-page","status-publish","hentry"],"campaignId":"","_links":{"self":[{"href":"https:\/\/www.loudspeakers.audio\/fr\/wp-json\/wp\/v2\/pages\/9638","targetHints":{"allow":["GET"]}}],"collection":[{"href":"https:\/\/www.loudspeakers.audio\/fr\/wp-json\/wp\/v2\/pages"}],"about":[{"href":"https:\/\/www.loudspeakers.audio\/fr\/wp-json\/wp\/v2\/types\/page"}],"author":[{"embeddable":true,"href":"https:\/\/www.loudspeakers.audio\/fr\/wp-json\/wp\/v2\/users\/1"}],"replies":[{"embeddable":true,"href":"https:\/\/www.loudspeakers.audio\/fr\/wp-json\/wp\/v2\/comments?post=9638"}],"version-history":[{"count":0,"href":"https:\/\/www.loudspeakers.audio\/fr\/wp-json\/wp\/v2\/pages\/9638\/revisions"}],"wp:attachment":[{"href":"https:\/\/www.loudspeakers.audio\/fr\/wp-json\/wp\/v2\/media?parent=9638"}],"curies":[{"name":"wp","href":"https:\/\/api.w.org\/{rel}","templated":true}]}}