{"id":6678,"date":"2021-02-06T14:52:24","date_gmt":"2021-02-06T12:52:24","guid":{"rendered":"https:\/\/www.loudspeakers.audio\/donation-history\/"},"modified":"2021-03-28T10:15:55","modified_gmt":"2021-03-28T08:15:55","slug":"donation-history","status":"publish","type":"page","link":"https:\/\/www.loudspeakers.audio\/fr\/donation-history\/","title":{"rendered":"Donation History"},"content":{"rendered":"<div class=\"give-form\">\n\t\t<form method=\"post\" id=\"give-email-access-form\" action=\"\">\n\t\t\t<p>\n\t\t\t\tVeuillez v\u00e9rifier votre adresse e-mail pour acc\u00e9der \u00e0 votre historique de don.\t\t\t<\/p>\n\n\t\t\t<label for=\"give-email\">E-mail du don\u00a0:<\/label>\n\t\t\t<input id=\"give-email\" type=\"email\" name=\"give_email\" value=\"\"\n\t\t\t\t\tplaceholder=\"Adresse e-mail\"\/>\n\t\t\t<input type=\"hidden\" name=\"_wpnonce\" value=\"5080d80faf\"\/>\n\t\t\t<input type=\"hidden\" name=\"give_action\" value=\"email_access_form_login\"\/>\n\t\t\t<input type=\"hidden\" name=\"give_access_page\" value=\"6678\"\/>\n\n\t\t\t\n\t\t\t<input type=\"submit\" class=\"give-submit\" value=\"V\u00e9rifier l\u2019e-mail\"\/>\n\t\t<input type=\"hidden\" name=\"trp-form-language\" value=\"fr\"\/><\/form>\n\t<\/div>","protected":false},"excerpt":{"rendered":"","protected":false},"author":1,"featured_media":0,"parent":0,"menu_order":0,"comment_status":"closed","ping_status":"closed","template":"","meta":{"give_campaign_id":0,"footnotes":""},"class_list":["post-6678","page","type-page","status-publish","hentry"],"campaignId":"","_links":{"self":[{"href":"https:\/\/www.loudspeakers.audio\/fr\/wp-json\/wp\/v2\/pages\/6678","targetHints":{"allow":["GET"]}}],"collection":[{"href":"https:\/\/www.loudspeakers.audio\/fr\/wp-json\/wp\/v2\/pages"}],"about":[{"href":"https:\/\/www.loudspeakers.audio\/fr\/wp-json\/wp\/v2\/types\/page"}],"author":[{"embeddable":true,"href":"https:\/\/www.loudspeakers.audio\/fr\/wp-json\/wp\/v2\/users\/1"}],"replies":[{"embeddable":true,"href":"https:\/\/www.loudspeakers.audio\/fr\/wp-json\/wp\/v2\/comments?post=6678"}],"version-history":[{"count":0,"href":"https:\/\/www.loudspeakers.audio\/fr\/wp-json\/wp\/v2\/pages\/6678\/revisions"}],"wp:attachment":[{"href":"https:\/\/www.loudspeakers.audio\/fr\/wp-json\/wp\/v2\/media?parent=6678"}],"curies":[{"name":"wp","href":"https:\/\/api.w.org\/{rel}","templated":true}]}}