{"id":240,"date":"2016-11-06T00:11:41","date_gmt":"2016-11-05T22:11:41","guid":{"rendered":"https:\/\/oceanwp.org\/gym\/?page_id=240"},"modified":"2023-06-22T12:17:40","modified_gmt":"2023-06-22T10:17:40","slug":"home-2","status":"publish","type":"page","link":"https:\/\/www.loudspeakers.audio\/fr\/","title":{"rendered":"Home"},"content":{"rendered":"<article>\n<h5>RAPIDE ET SIMPLE<\/h5>\n<\/article>\n<p>Aucun logiciel \u00e0 installer<br \/>\nFacile d'utilisation m\u00eame pour les amateurs<\/p>\n<article>\n<h5>Des fonctionnalit\u00e9s uniques<\/h5>\n<\/article>\n<p>Courbe cible automatiquement adapt\u00e9e \u00e0 votre syst\u00e8me<br \/>\nCorrection hybride pour une meilleure r\u00e9ponse dans le grave<\/p>\n<h3>Contact<\/h3>\n<p>Pour toutes questions ou recommandations<br \/>\nsupport(at)loudspeakers.audio<\/p>","protected":false},"excerpt":{"rendered":"<p>QUICK AND EASY No software to install Straightforward even for amateurs UNIQUE features Automatic target adapted to your setup Hybrid FIR filters for best bass response Contact If any questions or comments support(at)loudspeakers.audio<\/p>","protected":false},"author":1,"featured_media":0,"parent":0,"menu_order":0,"comment_status":"closed","ping_status":"closed","template":"","meta":{"give_campaign_id":0,"footnotes":""},"class_list":["post-240","page","type-page","status-publish","hentry"],"campaignId":"","_links":{"self":[{"href":"https:\/\/www.loudspeakers.audio\/fr\/wp-json\/wp\/v2\/pages\/240","targetHints":{"allow":["GET"]}}],"collection":[{"href":"https:\/\/www.loudspeakers.audio\/fr\/wp-json\/wp\/v2\/pages"}],"about":[{"href":"https:\/\/www.loudspeakers.audio\/fr\/wp-json\/wp\/v2\/types\/page"}],"author":[{"embeddable":true,"href":"https:\/\/www.loudspeakers.audio\/fr\/wp-json\/wp\/v2\/users\/1"}],"replies":[{"embeddable":true,"href":"https:\/\/www.loudspeakers.audio\/fr\/wp-json\/wp\/v2\/comments?post=240"}],"version-history":[{"count":0,"href":"https:\/\/www.loudspeakers.audio\/fr\/wp-json\/wp\/v2\/pages\/240\/revisions"}],"wp:attachment":[{"href":"https:\/\/www.loudspeakers.audio\/fr\/wp-json\/wp\/v2\/media?parent=240"}],"curies":[{"name":"wp","href":"https:\/\/api.w.org\/{rel}","templated":true}]}}